{"id":108,"date":"2016-03-04T12:51:59","date_gmt":"2016-03-04T11:51:59","guid":{"rendered":"http:\/\/www.hotelraffaellocaorle.com\/?page_id=108"},"modified":"2025-05-20T11:25:35","modified_gmt":"2025-05-20T09:25:35","slug":"booking-online","status":"publish","type":"page","link":"https:\/\/www.hotelraffaellocaorle.com\/de\/berechnung-urlaub\/","title":{"rendered":"BERECHNUNG URLAUB"},"content":{"rendered":"<p><strong>Das Hotel ist komplett renoviert und befindet sich 50 m vom Meer und 500 m vom historischen Stadzentrum entfernt.<\/strong> Wir bieten \u00dcbernachtung mit Fr\u00fchst\u00fcchbuffet, Parkplatz und Privatstrand. Die Zimmer sind mit T\u00fcr\u00f6ffnung durch Magnetkarten, Satellitenfernseher, Klimaanlage, Telefon, WIFI gratis, K\u00fchlschrank, Safe, Duschbox, Haartrockner, Balkon oder Fenstervorsprung augestattet. Wir verf\u00fcgen \u00fcber einen Fahrstuhl, Fahrr\u00e4der und eine Sonnenterrasse mit Liegen und Sonnenschirmen.<\/p>\n<p>Kurtaxe vom Gast zu bezahlen. Kinder bis 6 Jahre befreit.<\/p>\n<p><strong>Um ein Zimmer zu reservieren, f\u00fcllen Sie bitte den folgenden Bogen aus, wir werden uns dann mit Ihnen in Verbindung setzen, um die Reservierung zu best\u00e4tigen<\/strong><\/p>\n<h3>DIESES FORMULAR IST KEINE RESERVIERUNG, SONDERN NUR EINE ANFRAGE ZUR VERF\u00dcGBARKEIT!<br \/>\nWIR ANTWORTEN IHNEN SCHNELLSTM\u00d6GLICH. DANKE!<\/h3>\n<p><iframe src=\"https:\/\/www.cbooking.it\/bookingc_.php?cv=1&amp;id=41&amp;afrom=&amp;to=&amp;lingua=de\" width=\"100%\" height=\"3000\" frameborder=\"0\" marginwidth=\"0\" marginheight=\"0\" scrolling=\"auto\"><\/iframe><\/p>","protected":false},"excerpt":{"rendered":"<p> [&hellip;]<\/p>\n","protected":false},"author":1,"featured_media":0,"parent":0,"menu_order":0,"comment_status":"closed","ping_status":"closed","template":"page-templates\/full-width.php","meta":[],"_links":{"self":[{"href":"https:\/\/www.hotelraffaellocaorle.com\/de\/wp-json\/wp\/v2\/pages\/108"}],"collection":[{"href":"https:\/\/www.hotelraffaellocaorle.com\/de\/wp-json\/wp\/v2\/pages"}],"about":[{"href":"https:\/\/www.hotelraffaellocaorle.com\/de\/wp-json\/wp\/v2\/types\/page"}],"author":[{"embeddable":true,"href":"https:\/\/www.hotelraffaellocaorle.com\/de\/wp-json\/wp\/v2\/users\/1"}],"replies":[{"embeddable":true,"href":"https:\/\/www.hotelraffaellocaorle.com\/de\/wp-json\/wp\/v2\/comments?post=108"}],"version-history":[{"count":31,"href":"https:\/\/www.hotelraffaellocaorle.com\/de\/wp-json\/wp\/v2\/pages\/108\/revisions"}],"predecessor-version":[{"id":2695,"href":"https:\/\/www.hotelraffaellocaorle.com\/de\/wp-json\/wp\/v2\/pages\/108\/revisions\/2695"}],"wp:attachment":[{"href":"https:\/\/www.hotelraffaellocaorle.com\/de\/wp-json\/wp\/v2\/media?parent=108"}],"curies":[{"name":"wp","href":"https:\/\/api.w.org\/{rel}","templated":true}]}}