{"id":26,"date":"2016-02-23T23:52:22","date_gmt":"2016-02-23T22:52:22","guid":{"rendered":"http:\/\/www.hotelraffaellocaorle.com\/?page_id=26"},"modified":"2019-11-19T16:38:28","modified_gmt":"2019-11-19T15:38:28","slug":"servizi","status":"publish","type":"page","link":"https:\/\/www.hotelraffaellocaorle.com\/de\/services\/","title":{"rendered":"SERVICES"},"content":{"rendered":"<p><\/p>\n<h2>Fr\u00fchst\u00fccksbuffet<\/h2>\n<div id='gallery-2' class='gallery galleryid-26 gallery-columns-3 gallery-size-thumbnail'><figure class='gallery-item'>\n\t\t\t<div class='gallery-icon landscape'>\n\t\t\t\t<a href='https:\/\/www.hotelraffaellocaorle.com\/wp-content\/uploads\/2016\/02\/IMG_6939_1400.jpg' title=\"\" data-rl_title=\"\" class=\"rl-gallery-link\" data-rl_caption=\"\" data-rel=\"lightbox-gallery-2\"><img width=\"150\" height=\"150\" src=\"https:\/\/www.hotelraffaellocaorle.com\/wp-content\/uploads\/2016\/02\/IMG_6939_1400-150x150.jpg\" class=\"attachment-thumbnail size-thumbnail\" alt=\"\" loading=\"lazy\" \/><\/a>\n\t\t\t<\/div><\/figure><figure class='gallery-item'>\n\t\t\t<div class='gallery-icon landscape'>\n\t\t\t\t<a href='https:\/\/www.hotelraffaellocaorle.com\/wp-content\/uploads\/2016\/03\/colazione-buffet.jpg' title=\"\" data-rl_title=\"\" class=\"rl-gallery-link\" data-rl_caption=\"\" data-rel=\"lightbox-gallery-2\"><img width=\"150\" height=\"150\" src=\"https:\/\/www.hotelraffaellocaorle.com\/wp-content\/uploads\/2016\/03\/colazione-buffet-150x150.jpg\" class=\"attachment-thumbnail size-thumbnail\" alt=\"\" loading=\"lazy\" \/><\/a>\n\t\t\t<\/div><\/figure><figure class='gallery-item'>\n\t\t\t<div class='gallery-icon landscape'>\n\t\t\t\t<a href='https:\/\/www.hotelraffaellocaorle.com\/wp-content\/uploads\/2016\/02\/DSC_6091_2000.jpg' title=\"\" data-rl_title=\"\" class=\"rl-gallery-link\" data-rl_caption=\"\" data-rel=\"lightbox-gallery-2\"><img width=\"150\" height=\"150\" src=\"https:\/\/www.hotelraffaellocaorle.com\/wp-content\/uploads\/2016\/02\/DSC_6091_2000-150x150.jpg\" class=\"attachment-thumbnail size-thumbnail\" alt=\"\" loading=\"lazy\" \/><\/a>\n\t\t\t<\/div><\/figure><figure class='gallery-item'>\n\t\t\t<div class='gallery-icon portrait'>\n\t\t\t\t<a href='https:\/\/www.hotelraffaellocaorle.com\/wp-content\/uploads\/2016\/02\/DSC_6099_2000.jpg' title=\"\" data-rl_title=\"\" class=\"rl-gallery-link\" data-rl_caption=\"\" data-rel=\"lightbox-gallery-2\"><img width=\"150\" height=\"150\" src=\"https:\/\/www.hotelraffaellocaorle.com\/wp-content\/uploads\/2016\/02\/DSC_6099_2000-150x150.jpg\" class=\"attachment-thumbnail size-thumbnail\" alt=\"\" loading=\"lazy\" \/><\/a>\n\t\t\t<\/div><\/figure><figure class='gallery-item'>\n\t\t\t<div class='gallery-icon portrait'>\n\t\t\t\t<a href='https:\/\/www.hotelraffaellocaorle.com\/wp-content\/uploads\/2016\/02\/DSC_6122_2000.jpg' title=\"\" data-rl_title=\"\" class=\"rl-gallery-link\" data-rl_caption=\"\" data-rel=\"lightbox-gallery-2\"><img width=\"150\" height=\"150\" src=\"https:\/\/www.hotelraffaellocaorle.com\/wp-content\/uploads\/2016\/02\/DSC_6122_2000-150x150.jpg\" class=\"attachment-thumbnail size-thumbnail\" alt=\"\" loading=\"lazy\" \/><\/a>\n\t\t\t<\/div><\/figure><figure class='gallery-item'>\n\t\t\t<div class='gallery-icon portrait'>\n\t\t\t\t<a href='https:\/\/www.hotelraffaellocaorle.com\/wp-content\/uploads\/2016\/02\/DSC_6112_2000.jpg' title=\"\" data-rl_title=\"\" class=\"rl-gallery-link\" data-rl_caption=\"\" data-rel=\"lightbox-gallery-2\"><img width=\"150\" height=\"150\" src=\"https:\/\/www.hotelraffaellocaorle.com\/wp-content\/uploads\/2016\/02\/DSC_6112_2000-150x150.jpg\" class=\"attachment-thumbnail size-thumbnail\" alt=\"\" loading=\"lazy\" \/><\/a>\n\t\t\t<\/div><\/figure><figure class='gallery-item'>\n\t\t\t<div class='gallery-icon landscape'>\n\t\t\t\t<a href='https:\/\/www.hotelraffaellocaorle.com\/wp-content\/uploads\/2016\/02\/DSC_6152_2000.jpg' title=\"\" data-rl_title=\"\" class=\"rl-gallery-link\" data-rl_caption=\"\" data-rel=\"lightbox-gallery-2\"><img width=\"150\" height=\"150\" src=\"https:\/\/www.hotelraffaellocaorle.com\/wp-content\/uploads\/2016\/02\/DSC_6152_2000-150x150.jpg\" class=\"attachment-thumbnail size-thumbnail\" alt=\"\" loading=\"lazy\" \/><\/a>\n\t\t\t<\/div><\/figure><figure class='gallery-item'>\n\t\t\t<div class='gallery-icon portrait'>\n\t\t\t\t<a href='https:\/\/www.hotelraffaellocaorle.com\/wp-content\/uploads\/2016\/02\/DSC_1098_2000.jpg' title=\"\" data-rl_title=\"\" class=\"rl-gallery-link\" data-rl_caption=\"\" data-rel=\"lightbox-gallery-2\"><img width=\"150\" height=\"150\" src=\"https:\/\/www.hotelraffaellocaorle.com\/wp-content\/uploads\/2016\/02\/DSC_1098_2000-150x150.jpg\" class=\"attachment-thumbnail size-thumbnail\" alt=\"\" loading=\"lazy\" \/><\/a>\n\t\t\t<\/div><\/figure><figure class='gallery-item'>\n\t\t\t<div class='gallery-icon portrait'>\n\t\t\t\t<a href='https:\/\/www.hotelraffaellocaorle.com\/wp-content\/uploads\/2016\/02\/DSC_1110_2000.jpg' title=\"\" data-rl_title=\"\" class=\"rl-gallery-link\" data-rl_caption=\"\" data-rel=\"lightbox-gallery-2\"><img width=\"150\" height=\"150\" src=\"https:\/\/www.hotelraffaellocaorle.com\/wp-content\/uploads\/2016\/02\/DSC_1110_2000-150x150.jpg\" class=\"attachment-thumbnail size-thumbnail\" alt=\"\" loading=\"lazy\" \/><\/a>\n\t\t\t<\/div><\/figure><figure class='gallery-item'>\n\t\t\t<div class='gallery-icon landscape'>\n\t\t\t\t<a href='https:\/\/www.hotelraffaellocaorle.com\/wp-content\/uploads\/2016\/02\/DSC_1058_2000.jpg' title=\"\" data-rl_title=\"\" class=\"rl-gallery-link\" data-rl_caption=\"\" data-rel=\"lightbox-gallery-2\"><img width=\"150\" height=\"150\" src=\"https:\/\/www.hotelraffaellocaorle.com\/wp-content\/uploads\/2016\/02\/DSC_1058_2000-150x150.jpg\" class=\"attachment-thumbnail size-thumbnail\" alt=\"\" loading=\"lazy\" \/><\/a>\n\t\t\t<\/div><\/figure><figure class='gallery-item'>\n\t\t\t<div class='gallery-icon landscape'>\n\t\t\t\t<a href='https:\/\/www.hotelraffaellocaorle.com\/wp-content\/uploads\/2016\/02\/DSC_1079_2000.jpg' title=\"\" data-rl_title=\"\" class=\"rl-gallery-link\" data-rl_caption=\"\" data-rel=\"lightbox-gallery-2\"><img width=\"150\" height=\"150\" src=\"https:\/\/www.hotelraffaellocaorle.com\/wp-content\/uploads\/2016\/02\/DSC_1079_2000-150x150.jpg\" class=\"attachment-thumbnail size-thumbnail\" alt=\"\" loading=\"lazy\" \/><\/a>\n\t\t\t<\/div><\/figure><figure class='gallery-item'>\n\t\t\t<div class='gallery-icon portrait'>\n\t\t\t\t<a href='https:\/\/www.hotelraffaellocaorle.com\/wp-content\/uploads\/2016\/02\/IMG_7092_2000.jpg' title=\"\" data-rl_title=\"\" class=\"rl-gallery-link\" data-rl_caption=\"\" data-rel=\"lightbox-gallery-2\"><img width=\"150\" height=\"150\" src=\"https:\/\/www.hotelraffaellocaorle.com\/wp-content\/uploads\/2016\/02\/IMG_7092_2000-150x150.jpg\" class=\"attachment-thumbnail size-thumbnail\" alt=\"\" loading=\"lazy\" \/><\/a>\n\t\t\t<\/div><\/figure>\n\t\t<\/div>\n\n<p>Lassen Sie sich beim Fr\u00fchst\u00fccksbuffet von den s\u00fc\u00dfen und herzhaften K\u00f6stlichkeiten unseres reichhaltigen Buffets verw\u00f6hnen: selbstgebackene Kuchen, Kekse, Zwieback, Croissant (frisch und abgepackt), frische Br\u00f6tchen, verschiedene Marmeladen, Nutella und Honig, Butter und Joghurt, S\u00e4fte, K\u00e4se und Wurst, Eier, M\u00fcsli und Cornflakes, Kaffee, Cappuccino, Kakao, Tee etc.<\/p>\n<h2>Services im Zimmer<\/h2>\n<table class=\"tab\" border=\"0\">\n<tbody>\n<tr>\n<td><strong><img loading=\"lazy\" class=\"alignnone size-full wp-image-124 aligncenter\" src=\"http:\/\/www.hotelraffaellocaorle.com\/wp-content\/uploads\/2016\/02\/air-conditioning.png\" alt=\"air-conditioning\" width=\"68\" height=\"68\" \/><\/strong><\/td>\n<td><strong><img loading=\"lazy\" class=\"size-medium wp-image-123 aligncenter\" src=\"http:\/\/www.hotelraffaellocaorle.com\/wp-content\/uploads\/2016\/02\/television-with-antenna.png\" alt=\"television-with-antenna\" width=\"68\" height=\"68\" \/><\/strong><\/td>\n<td><strong><img loading=\"lazy\" class=\"size-medium wp-image-122 aligncenter\" src=\"http:\/\/www.hotelraffaellocaorle.com\/wp-content\/uploads\/2016\/02\/refrigerator.png\" alt=\"refrigerator\" width=\"68\" height=\"68\" \/><\/strong><\/td>\n<td><strong><img loading=\"lazy\" class=\"size-medium wp-image-121 aligncenter\" src=\"http:\/\/www.hotelraffaellocaorle.com\/wp-content\/uploads\/2016\/02\/old-typical-phone.png\" alt=\"old-typical-phone\" width=\"68\" height=\"68\" \/><\/strong><\/td>\n<\/tr>\n<tr>\n<td style=\"text-align: center; background-color: #eeeeee;\">Klimaanlage<br \/>\n(kalt-warm)<\/td>\n<td style=\"text-align: center; background-color: #eeeeee;\">Satellitenfernsehen<\/td>\n<td style=\"text-align: center; background-color: #eeeeee;\">K\u00fchlschrank<\/td>\n<td style=\"text-align: center; background-color: #eeeeee;\">\u00a0Telefon<\/td>\n<\/tr>\n<tr>\n<td><strong><img loading=\"lazy\" class=\"alignnone size-medium wp-image-120 aligncenter\" src=\"http:\/\/www.hotelraffaellocaorle.com\/wp-content\/uploads\/2016\/02\/hair-dryer.png\" alt=\"hair-dryer\" width=\"68\" height=\"68\" \/><\/strong><\/td>\n<td><strong><img loading=\"lazy\" class=\"size-medium wp-image-119 aligncenter\" src=\"http:\/\/www.hotelraffaellocaorle.com\/wp-content\/uploads\/2016\/02\/speaker-sound-muted.png\" alt=\"speaker-sound-muted\" width=\"68\" height=\"68\" \/><\/strong><\/td>\n<td><strong><img loading=\"lazy\" class=\"size-medium wp-image-118 aligncenter\" src=\"http:\/\/www.hotelraffaellocaorle.com\/wp-content\/uploads\/2016\/02\/savings-box.png\" alt=\"savings-box\" width=\"68\" height=\"68\" \/><\/strong><\/td>\n<td><strong><img loading=\"lazy\" class=\"alignnone size-medium wp-image-116 aligncenter\" src=\"http:\/\/www.hotelraffaellocaorle.com\/wp-content\/uploads\/2016\/02\/wifi-sign.png\" alt=\"wifi-sign\" width=\"68\" height=\"68\" \/><br \/>\n<\/strong><\/td>\n<\/tr>\n<tr>\n<td style=\"text-align: center; background-color: #eeeeee;\">Haartrockner<\/td>\n<td style=\"text-align: center; background-color: #eeeeee;\">Schalld\u00e4mmung<\/td>\n<td style=\"text-align: center; background-color: #eeeeee;\">Safe<\/td>\n<td style=\"text-align: center; background-color: #eeeeee;\">W-Lan<\/td>\n<\/tr>\n<tr>\n<td><strong>\u00a0<\/strong><\/td>\n<td><strong><img loading=\"lazy\" class=\"size-medium wp-image-115 aligncenter\" src=\"http:\/\/www.hotelraffaellocaorle.com\/wp-content\/uploads\/2016\/02\/closed-bathroom-shower.png\" alt=\"closed-bathroom-shower\" width=\"68\" height=\"68\" \/><\/strong><\/td>\n<td><strong><img loading=\"lazy\" class=\"size-full wp-image-114 aligncenter\" src=\"http:\/\/www.hotelraffaellocaorle.com\/wp-content\/uploads\/2016\/02\/balcony.png\" alt=\"balcony\" width=\"68\" height=\"68\" \/><\/strong><\/td>\n<td><\/td>\n<\/tr>\n<tr>\n<td style=\"text-align: center;\"><\/td>\n<td style=\"text-align: center; background-color: #eeeeee;\">Duschbox<\/td>\n<td style=\"text-align: center; background-color: #eeeeee;\">Balkon in verschiedenen Gr\u00f6\u00dfen<\/td>\n<td><strong>\u00a0<\/strong><\/td>\n<\/tr>\n<\/tbody>\n<\/table>\n<h2>Weitere Dienstleistungen<\/h2>\n<table class=\"tab\">\n<tbody>\n<tr>\n<td><strong><img loading=\"lazy\" class=\"size-medium wp-image-116 aligncenter\" src=\"http:\/\/www.hotelraffaellocaorle.com\/wp-content\/uploads\/2016\/02\/wifi-sign.png\" alt=\"wifi-sign\" width=\"68\" height=\"68\" \/><\/strong><\/td>\n<td style=\"text-align: center;\"><strong><img loading=\"lazy\" class=\"size-medium wp-image-144 aligncenter\" src=\"http:\/\/www.hotelraffaellocaorle.com\/wp-content\/uploads\/2016\/02\/shining-sun.png\" alt=\"shining-sun\" width=\"68\" height=\"68\" \/> <\/strong><\/td>\n<td style=\"text-align: center;\"><strong><img loading=\"lazy\" class=\"size-medium wp-image-145 aligncenter\" src=\"http:\/\/www.hotelraffaellocaorle.com\/wp-content\/uploads\/2016\/02\/beach-umbrella-and-hammock.png\" alt=\"beach-umbrella-and-hammock\" width=\"68\" height=\"68\" \/> <\/strong><\/td>\n<td style=\"text-align: center;\"><img loading=\"lazy\" class=\"size-medium wp-image-143 aligncenter\" src=\"http:\/\/www.hotelraffaellocaorle.com\/wp-content\/uploads\/2016\/02\/bicycle-side-view.png\" alt=\"bicycle-side-view\" width=\"68\" height=\"68\" \/><\/td>\n<\/tr>\n<tr>\n<td style=\"text-align: center; background-color: #eeeeee;\">Internet<\/td>\n<td style=\"text-align: center; background-color: #eeeeee;\">Sonnenterrasse<\/td>\n<td style=\"text-align: center; background-color: #eeeeee;\">Privatstrand<\/td>\n<td style=\"text-align: center; background-color: #eeeeee;\">Fahrr\u00e4der<\/td>\n<\/tr>\n<tr>\n<td><strong><img loading=\"lazy\" class=\"size-medium wp-image-142 aligncenter\" src=\"http:\/\/www.hotelraffaellocaorle.com\/wp-content\/uploads\/2016\/02\/television.png\" alt=\"television\" width=\"68\" height=\"68\" \/> <\/strong><\/td>\n<td><strong><strong><img loading=\"lazy\" class=\"size-full wp-image-124 aligncenter\" src=\"http:\/\/www.hotelraffaellocaorle.com\/wp-content\/uploads\/2016\/02\/air-conditioning.png\" alt=\"air-conditioning\" width=\"68\" height=\"68\" \/><\/strong><\/strong><\/td>\n<td style=\"text-align: left;\"><strong><img loading=\"lazy\" class=\"size-medium wp-image-148 aligncenter\" src=\"http:\/\/www.hotelraffaellocaorle.com\/wp-content\/uploads\/2016\/02\/credit-cards.png\" alt=\"credit-cards\" width=\"68\" height=\"68\" \/><\/strong><\/td>\n<td><strong><img loading=\"lazy\" class=\"size-medium wp-image-141 aligncenter\" src=\"http:\/\/www.hotelraffaellocaorle.com\/wp-content\/uploads\/2016\/02\/hospitals-lift.png\" alt=\"hospitals-lift\" width=\"68\" height=\"68\" \/> <\/strong><\/td>\n<\/tr>\n<tr>\n<td style=\"text-align: center; background-color: #eeeeee;\">Fernsehraum<\/td>\n<td style=\"text-align: center; background-color: #eeeeee;\">Klimazonen: Klimatisierte Gemeinschaftsr\u00e4ume<\/td>\n<td style=\"text-align: center; background-color: #eeeeee;\">Kreditkarten<\/td>\n<td style=\"text-align: center; background-color: #eeeeee;\">\u00a0Lift<\/td>\n<\/tr>\n<tr>\n<td style=\"text-align: center;\"><img loading=\"lazy\" class=\"size-medium wp-image-140 aligncenter\" src=\"http:\/\/www.hotelraffaellocaorle.com\/wp-content\/uploads\/2016\/02\/dog.png\" alt=\"dog\" width=\"68\" height=\"68\" \/><\/td>\n<td style=\"text-align: center;\"><strong><img loading=\"lazy\" class=\"size-medium wp-image-139 aligncenter\" src=\"http:\/\/www.hotelraffaellocaorle.com\/wp-content\/uploads\/2016\/02\/parking-sign.png\" alt=\"parking-sign\" width=\"68\" height=\"68\" \/> <\/strong><\/td>\n<td style=\"text-align: center;\"><strong><img loading=\"lazy\" class=\"size-full wp-image-138 aligncenter\" src=\"http:\/\/www.hotelraffaellocaorle.com\/wp-content\/uploads\/2016\/02\/car-in-garage.png\" alt=\"car-in-garage\" width=\"68\" height=\"68\" \/> <\/strong><\/td>\n<td style=\"text-align: center;\"><img loading=\"lazy\" class=\"size-full wp-image-147 aligncenter\" src=\"http:\/\/www.hotelraffaellocaorle.com\/wp-content\/uploads\/2016\/02\/cocktail.png\" alt=\"cocktail\" width=\"68\" height=\"68\" \/><\/td>\n<\/tr>\n<tr>\n<td style=\"text-align: center; background-color: #eeeeee;\">Haustiere<br \/>\nerlaubt<\/td>\n<td style=\"text-align: center; background-color: #eeeeee;\">Parkplatz<\/td>\n<td style=\"text-align: center; background-color: #eeeeee;\">\u00fcberdachter Parkplatz im Parkhaus<\/td>\n<td style=\"text-align: center; background-color: #eeeeee;\">Bar<\/td>\n<\/tr>\n<\/tbody>\n<\/table>\n<p>&nbsp;<\/p>","protected":false},"excerpt":{"rendered":"<p> [&hellip;]<\/p>\n","protected":false},"author":1,"featured_media":0,"parent":0,"menu_order":0,"comment_status":"closed","ping_status":"closed","template":"page-templates\/full-width.php","meta":[],"_links":{"self":[{"href":"https:\/\/www.hotelraffaellocaorle.com\/de\/wp-json\/wp\/v2\/pages\/26"}],"collection":[{"href":"https:\/\/www.hotelraffaellocaorle.com\/de\/wp-json\/wp\/v2\/pages"}],"about":[{"href":"https:\/\/www.hotelraffaellocaorle.com\/de\/wp-json\/wp\/v2\/types\/page"}],"author":[{"embeddable":true,"href":"https:\/\/www.hotelraffaellocaorle.com\/de\/wp-json\/wp\/v2\/users\/1"}],"replies":[{"embeddable":true,"href":"https:\/\/www.hotelraffaellocaorle.com\/de\/wp-json\/wp\/v2\/comments?post=26"}],"version-history":[{"count":52,"href":"https:\/\/www.hotelraffaellocaorle.com\/de\/wp-json\/wp\/v2\/pages\/26\/revisions"}],"predecessor-version":[{"id":1766,"href":"https:\/\/www.hotelraffaellocaorle.com\/de\/wp-json\/wp\/v2\/pages\/26\/revisions\/1766"}],"wp:attachment":[{"href":"https:\/\/www.hotelraffaellocaorle.com\/de\/wp-json\/wp\/v2\/media?parent=26"}],"curies":[{"name":"wp","href":"https:\/\/api.w.org\/{rel}","templated":true}]}}