{"id":28,"date":"2016-02-23T23:52:31","date_gmt":"2016-02-23T22:52:31","guid":{"rendered":"http:\/\/www.hotelraffaellocaorle.com\/?page_id=28"},"modified":"2025-11-14T11:49:08","modified_gmt":"2025-11-14T10:49:08","slug":"dove-siamo","status":"publish","type":"page","link":"https:\/\/www.hotelraffaellocaorle.com\/de\/preise\/","title":{"rendered":"PREISE"},"content":{"rendered":"<p><\/p>\n<h2>Preise 2026<\/h2>\n<p>F\u00fcr die Saison 2026 bieten wir \u00dcbernachtung, Fr\u00fchst\u00fcck mit Buffet, Strandpl\u00e4tze (mit je einem Sonnenschirm und zwei Liegest\u00fchlen), Parkm\u00f6glichkeiten. Die Zimmer sind mit Klimaanlage, Bad\/Duschbox\/Haartrockner, Balkon in verschiedenen Gr\u00f6\u00dfen, TV-SAT, K\u00fchlschrank, Safe und Telefon ausgestattet.<\/p>\n<table>\n<tbody>\n<tr>\n<td><\/td>\n<td style=\"text-align: center;\">11.05 &#8211; 21.05<br \/>\n6.09 &#8211; 27.09<\/td>\n<td style=\"text-align: center;\">22.05 &#8211; 20.06<br \/>\n30.08 &#8211; 5.09<\/td>\n<td style=\"text-align: center;\">21.06 &#8211; 1.08<br \/>\n23.08 &#8211; 29.08<\/td>\n<td style=\"text-align: center;\">2.08 &#8211; 22.08<\/td>\n<\/tr>\n<tr>\n<td>Preis pro Person und pro Tag<\/td>\n<td style=\"text-align: center;\"><strong>\u20ac 45,00<\/strong><\/td>\n<td style=\"text-align: center;\"><strong>\u20ac 51,00<\/strong><\/td>\n<td style=\"text-align: center;\"><strong>\u20ac 53,00<\/strong><\/td>\n<td style=\"text-align: center;\"><strong>\u20ac 58,00<\/strong><\/td>\n<\/tr>\n<tr>\n<td>Einzelzimmerzuschlag<\/td>\n<td style=\"text-align: center;\"><strong>\u20ac 11,00<\/strong><\/td>\n<td style=\"text-align: center;\"><strong>\u20ac 12,00<\/strong><\/td>\n<td style=\"text-align: center;\"><strong>\u20ac 13,00<\/strong><\/td>\n<td style=\"text-align: center;\"><strong>\u20ac 15,00<\/strong><\/td>\n<\/tr>\n<tr>\n<td style=\"background-color: #eeeeee;\" colspan=\"5\">\n<p><strong>SPEZIALANGEBOTE &#8211; 1 WOCHE<\/strong><\/p>\n<p>Reservieren Sie schnell unser Spezialangebot, es gilt nur f\u00fcr eine begrenzte Zimmeranzahl<\/td>\n<\/tr>\n<tr>\n<td>Eine Woche pro Person<\/td>\n<td style=\"text-align: center;\"><strong>\u20ac 300,00<\/strong><\/td>\n<td style=\"text-align: center;\"><strong>\u20ac 340,00<\/strong><\/td>\n<td style=\"text-align: center;\"><strong>\u20ac 355,00<\/strong><\/td>\n<td style=\"text-align: center;\"><strong>&#8212;<\/strong><\/td>\n<\/tr>\n<tr>\n<td>Eine Woche im Einbettzimmer<\/td>\n<td style=\"text-align: center;\"><strong>\u20ac 370,00<\/strong><\/td>\n<td style=\"text-align: center;\"><strong>\u20ac 420,00<\/strong><\/td>\n<td style=\"text-align: center;\"><strong>\u20ac 440,00<\/strong><\/td>\n<td style=\"text-align: center;\"><strong>&#8212;<\/strong><\/td>\n<\/tr>\n<\/tbody>\n<\/table>\n<p><span class=\"TestoCentrato\">Eventuelle Kurtaxe nicht inbegriffen.<\/span><span class=\"TestoCentrato\"><br \/>\nErm\u00e4\u00dfigungen f\u00fcr Kinder: <\/span><\/p>\n<ul>\n<li><span class=\"TestoCentrato\">bis 3 Jahre<strong>\u00a0-50%<\/strong>, <\/span><\/li>\n<li><span class=\"TestoCentrato\">von 4 bis 8 Jahren &#8211;<strong>30%<\/strong><\/span><\/li>\n<\/ul>\n<p>Nur f\u00fcr \u00fcberdachten Parkplatz pro Tag: <strong>\u20ac 5,00<\/strong><\/p>","protected":false},"excerpt":{"rendered":"<p> [&hellip;]<\/p>\n","protected":false},"author":1,"featured_media":0,"parent":0,"menu_order":0,"comment_status":"closed","ping_status":"closed","template":"page-templates\/full-width.php","meta":[],"_links":{"self":[{"href":"https:\/\/www.hotelraffaellocaorle.com\/de\/wp-json\/wp\/v2\/pages\/28"}],"collection":[{"href":"https:\/\/www.hotelraffaellocaorle.com\/de\/wp-json\/wp\/v2\/pages"}],"about":[{"href":"https:\/\/www.hotelraffaellocaorle.com\/de\/wp-json\/wp\/v2\/types\/page"}],"author":[{"embeddable":true,"href":"https:\/\/www.hotelraffaellocaorle.com\/de\/wp-json\/wp\/v2\/users\/1"}],"replies":[{"embeddable":true,"href":"https:\/\/www.hotelraffaellocaorle.com\/de\/wp-json\/wp\/v2\/comments?post=28"}],"version-history":[{"count":47,"href":"https:\/\/www.hotelraffaellocaorle.com\/de\/wp-json\/wp\/v2\/pages\/28\/revisions"}],"predecessor-version":[{"id":2703,"href":"https:\/\/www.hotelraffaellocaorle.com\/de\/wp-json\/wp\/v2\/pages\/28\/revisions\/2703"}],"wp:attachment":[{"href":"https:\/\/www.hotelraffaellocaorle.com\/de\/wp-json\/wp\/v2\/media?parent=28"}],"curies":[{"name":"wp","href":"https:\/\/api.w.org\/{rel}","templated":true}]}}