{"id":32,"date":"2016-02-23T23:52:48","date_gmt":"2016-02-23T22:52:48","guid":{"rendered":"http:\/\/www.hotelraffaellocaorle.com\/?page_id=32"},"modified":"2024-07-08T11:41:07","modified_gmt":"2024-07-08T09:41:07","slug":"dove-siamo-2","status":"publish","type":"page","link":"https:\/\/www.hotelraffaellocaorle.com\/de\/wo-wir-sind\/","title":{"rendered":"WO WIR SIND"},"content":{"rendered":"<p>Das Raffaello Hotel befindet sich in der Viale S. Margherita 56 &#8211; 30021 Caorle (VE). \u00a050 Meter vom Weststrand \u00a0von Caorle enfernt.<\/p>\n<p>Hier auf der\u00a0Karte sehen Sie, wo wir sind:<\/p>\n<p><iframe src=\"https:\/\/www.alfa.it\/cesco\/univers.php?x=45.59680700436607&#038;y=12.878748886109378&amp;testo=&lt;B&gt;Hotel Raffaello&lt;\/b&gt;&lt;br&gt;Viale Santa Margherita, 56&lt;br&gt;CAORLE (VE)&amp;w=100%&amp;h=350\" width=\"100%\" height=\"350\" frameborder=\"0\" scrolling=\"no\"><\/iframe><\/p>\n<h3>Wie kommen\u00a0Sie\u00a0zum\u00a0Hotel Raffaello<\/h3>\n<p><strong><span class=\"SottoTitolo\">Ohne Fu\u00dfg\u00e4ngerzone<\/span><\/strong><br \/>\nAm Ortseingang von Caorle halten Sie sich immer rechts, am ersten Kreisverkehr rechts, dann immer geradeaus und am Ende der Stra\u00dfe rechts in die Hauptstra\u00dfe Viale S. Margherita. Folgen Sie weiter der Hauptstra\u00dfe f\u00fcr ca. 500 Meter. Gleich nach dem Supermarkt COOP, auf der rechten Seite der Hauptstra\u00dfe befindet sich unser Hotel.<\/p>\n<p><span class=\"SottoTitolo\"><strong>Mit Fu\u00dfg\u00e4ngerzone:<br \/>\n<\/strong> <em>vom 01.06 bis zum zweiten Sonntag im September von 20.00 bis 24.00 Uhr<\/em><\/span><br \/>\nAm Ortseingang von Caorle halten Sie sich immer rechts, am ersten Kreisverkehr rechts, dann immer geradeaus. Nach ca. 50 Metern am Ende des Hafens im Kreisverkehr nach rechts in die Via dei Bragozzi um den Hafen herum. Folgen Sie immer der Hauptstra\u00dfe Via della Bragozzi, Via della Bosega und Sie befinden sich in der Viale Buonarroti. Sie fahren an zwei Bars auf der linken Seite vorbei und biegen nach links in die Via G. da Pordenone ein (Einbahnstra\u00dfe in falscher Richtung, was w\u00e4hrend der Fu\u00dfg\u00e4ngerzone erlaubt ist). Parken Sie am Ende der Stra\u00dfe, wo die Absperrungen f\u00fcr die Fu\u00dfg\u00e4ngerzone sind. Steigen Sie aus und gehen Sie auf der Hauptstra\u00dfe nach rechts, wo Sie unser Hotel finden.<\/p>\n<h3>Wie kommen Sie nach\u00a0Caorle<\/h3>\n<table class=\"table\">\n<tbody>\n<tr>\n<td>\u00a0<img loading=\"lazy\" class=\"alignnone size-full wp-image-247\" src=\"http:\/\/www.hotelraffaellocaorle.com\/wp-content\/uploads\/2016\/02\/airplane-flight-1.png\" alt=\"airplane-flight (1)\" width=\"32\" height=\"32\" \/><\/td>\n<td>Ankunft am Flughafen &#8222;Marco Polo&#8220; Venedig oder Treviso und dann mit dem Bus nach Caorle<\/td>\n<\/tr>\n<tr>\n<td><img loading=\"lazy\" class=\"alignnone size-full wp-image-246\" src=\"http:\/\/www.hotelraffaellocaorle.com\/wp-content\/uploads\/2016\/02\/school-bus-front.png\" alt=\"school-bus-front\" width=\"32\" height=\"32\" \/><\/td>\n<td>Mit dem Bus von Venedig, Treviso, San Don\u00e0, Portogruaro<\/td>\n<\/tr>\n<tr>\n<td><img loading=\"lazy\" class=\"alignnone size-full wp-image-245\" src=\"http:\/\/www.hotelraffaellocaorle.com\/wp-content\/uploads\/2016\/02\/underground.png\" alt=\"underground\" width=\"32\" height=\"32\" \/><\/td>\n<td>Linie Venedig-Triest , Bahnhof Portogruaro, dann mit dem Bus nach Caorle<\/td>\n<\/tr>\n<tr>\n<td><img loading=\"lazy\" class=\"alignnone size-full wp-image-244\" src=\"http:\/\/www.hotelraffaellocaorle.com\/wp-content\/uploads\/2016\/02\/volkswagen-car-side-view.png\" alt=\"volkswagen-car-side-view\" width=\"32\" height=\"32\" \/><\/td>\n<td>Ausfahrt der Autobahn A4 (Venedig-Triest) S. <span title=\"Stino di Livenza o Portogruaro.\">Stino di Livenza oder Portogruaro. <\/span>Nehmen Sie die Stra\u00dfe nach Caorle (25 km)<\/td>\n<\/tr>\n<\/tbody>\n<\/table>\n<h3>Sehensw\u00fcrdigkeiten in Caorle<\/h3>\n\r\n<script src=\"https:\/\/maps.googleapis.com\/maps\/api\/js?key=&amp;sensor=false&amp;extension=.js\"><\/script>\r\n<script src=\"http:\/\/www.hotelraffaellocaorle.com\/poi.js\"><\/script>\r\n<div id=\"raffaello\" style=\"width: 100%; height: 400px;\"><\/div>\r\n","protected":false},"excerpt":{"rendered":"<p> [&hellip;]<\/p>\n","protected":false},"author":1,"featured_media":0,"parent":0,"menu_order":0,"comment_status":"closed","ping_status":"closed","template":"page-templates\/full-width.php","meta":[],"_links":{"self":[{"href":"https:\/\/www.hotelraffaellocaorle.com\/de\/wp-json\/wp\/v2\/pages\/32"}],"collection":[{"href":"https:\/\/www.hotelraffaellocaorle.com\/de\/wp-json\/wp\/v2\/pages"}],"about":[{"href":"https:\/\/www.hotelraffaellocaorle.com\/de\/wp-json\/wp\/v2\/types\/page"}],"author":[{"embeddable":true,"href":"https:\/\/www.hotelraffaellocaorle.com\/de\/wp-json\/wp\/v2\/users\/1"}],"replies":[{"embeddable":true,"href":"https:\/\/www.hotelraffaellocaorle.com\/de\/wp-json\/wp\/v2\/comments?post=32"}],"version-history":[{"count":64,"href":"https:\/\/www.hotelraffaellocaorle.com\/de\/wp-json\/wp\/v2\/pages\/32\/revisions"}],"predecessor-version":[{"id":2685,"href":"https:\/\/www.hotelraffaellocaorle.com\/de\/wp-json\/wp\/v2\/pages\/32\/revisions\/2685"}],"wp:attachment":[{"href":"https:\/\/www.hotelraffaellocaorle.com\/de\/wp-json\/wp\/v2\/media?parent=32"}],"curies":[{"name":"wp","href":"https:\/\/api.w.org\/{rel}","templated":true}]}}