{"id":38,"date":"2016-02-23T23:53:22","date_gmt":"2016-02-23T22:53:22","guid":{"rendered":"http:\/\/www.hotelraffaellocaorle.com\/?page_id=38"},"modified":"2019-11-19T16:37:17","modified_gmt":"2019-11-19T15:37:17","slug":"camere","status":"publish","type":"page","link":"https:\/\/www.hotelraffaellocaorle.com\/de\/zimmer\/","title":{"rendered":"ZIMMER"},"content":{"rendered":"<p><div id=\"metaslider-id-79\" style=\"width: 100%;\" class=\"ml-slider-3-20-2 metaslider metaslider-flex metaslider-79 ml-slider\">\n    <div id=\"metaslider_container_79\">\n        <div id=\"metaslider_79\">\n            <ul aria-live=\"polite\" class=\"slides\">\n                <li style=\"display: block; width: 100%;\" class=\"slide-80 ms-image\"><img src=\"https:\/\/www.hotelraffaellocaorle.com\/wp-content\/uploads\/2016\/02\/IMG_6954_1900-1900x900.jpg\" height=\"900\" width=\"1900\" alt=\"\" class=\"slider-79 slide-80\" \/><\/li>\n                <li style=\"display: none; width: 100%;\" class=\"slide-82 ms-image\"><img src=\"https:\/\/www.hotelraffaellocaorle.com\/wp-content\/uploads\/2016\/02\/IMG_6959_1900-1900x900.jpg\" height=\"900\" width=\"1900\" alt=\"\" class=\"slider-79 slide-82\" \/><\/li>\n                <li style=\"display: none; width: 100%;\" class=\"slide-290 ms-image\"><img src=\"https:\/\/www.hotelraffaellocaorle.com\/wp-content\/uploads\/2016\/03\/IMG_8675_1200-1200x568.jpg\" height=\"900\" width=\"1900\" alt=\"\" class=\"slider-79 slide-290\" \/><\/li>\n                <li style=\"display: none; width: 100%;\" class=\"slide-292 ms-image\"><img src=\"https:\/\/www.hotelraffaellocaorle.com\/wp-content\/uploads\/2016\/03\/IMG_8707_1200-1200x568.jpg\" height=\"900\" width=\"1900\" alt=\"\" class=\"slider-79 slide-292\" \/><\/li>\n                <li style=\"display: none; width: 100%;\" class=\"slide-293 ms-image\"><img src=\"https:\/\/www.hotelraffaellocaorle.com\/wp-content\/uploads\/2016\/03\/IMG_8670_1200-1200x568.jpg\" height=\"900\" width=\"1900\" alt=\"\" class=\"slider-79 slide-293\" \/><\/li>\n                <li style=\"display: none; width: 100%;\" class=\"slide-294 ms-image\"><img src=\"https:\/\/www.hotelraffaellocaorle.com\/wp-content\/uploads\/2016\/03\/IMG_8690_1200-1200x568.jpg\" height=\"900\" width=\"1900\" alt=\"\" class=\"slider-79 slide-294\" \/><\/li>\n                <li style=\"display: none; width: 100%;\" class=\"slide-419 ms-image\"><img src=\"https:\/\/www.hotelraffaellocaorle.com\/wp-content\/uploads\/2016\/05\/DSC_6222-Copia_2000-1900x900.jpg\" height=\"900\" width=\"1900\" alt=\"\" class=\"slider-79 slide-419\" \/><\/li>\n                <li style=\"display: none; width: 100%;\" class=\"slide-420 ms-image\"><img src=\"https:\/\/www.hotelraffaellocaorle.com\/wp-content\/uploads\/2016\/05\/DSC_6281_2000-1524x722.jpg\" height=\"900\" width=\"1900\" alt=\"\" class=\"slider-79 slide-420\" \/><\/li>\n                <li style=\"display: none; width: 100%;\" class=\"slide-421 ms-image\"><img src=\"https:\/\/www.hotelraffaellocaorle.com\/wp-content\/uploads\/2016\/05\/DSC_6307_2000-1900x900.jpg\" height=\"900\" width=\"1900\" alt=\"\" class=\"slider-79 slide-421\" \/><\/li>\n                <li style=\"display: none; width: 100%;\" class=\"slide-422 ms-image\"><img src=\"https:\/\/www.hotelraffaellocaorle.com\/wp-content\/uploads\/2016\/05\/DSC_6343_2000-1900x900.jpg\" height=\"900\" width=\"1900\" alt=\"\" class=\"slider-79 slide-422\" \/><\/li>\n                <li style=\"display: none; width: 100%;\" class=\"slide-423 ms-image\"><img src=\"https:\/\/www.hotelraffaellocaorle.com\/wp-content\/uploads\/2016\/05\/DSC_6372_2000-1900x900.jpg\" height=\"900\" width=\"1900\" alt=\"\" class=\"slider-79 slide-423\" \/><\/li>\n                <li style=\"display: none; width: 100%;\" class=\"slide-424 ms-image\"><img src=\"https:\/\/www.hotelraffaellocaorle.com\/wp-content\/uploads\/2016\/05\/IMG_6971_2000-1900x900.jpg\" height=\"900\" width=\"1900\" alt=\"\" class=\"slider-79 slide-424\" \/><\/li>\n            <\/ul>\n        <\/div>\n        \n    <\/div>\n<\/div><\/p>\n<p>Die Zimmer mit eigenem Bad sind vergr\u00f6\u00dfert und modernisiert worden, um einen zeitgem\u00e4\u00dferen Komfort, der den W\u00fcnschen der G\u00e4ste angepasst ist, zu bieten.<\/p>\n<ul>\n<li class=\"Stile4\">Klimaanlage (warm und kalt)<\/li>\n<li class=\"Stile4\">\u00d6ffnung der Zimmer mit elektronischen Karten und maximaler Sicherheit<\/li>\n<li class=\"Stile4\">eigenes Bad mit Duschbox und Haartrockner<\/li>\n<li class=\"Stile4\">neue Fensterrahmen mit schalld\u00e4mmenden Fenstern<\/li>\n<li class=\"Stile4\">leerer K\u00fchlschrank zur freien Verf\u00fcgung des Gastes<\/li>\n<li class=\"Stile4\">Balkon in verschiedenen Gr\u00f6\u00dfen<\/li>\n<li class=\"Stile4\">Satellitenfernseher<\/li>\n<li class=\"Stile4\">Safe<\/li>\n<li class=\"Stile4\">Durchwahltelefon<\/li>\n<li class=\"Stile4\">Wi-Fi<\/li>\n<\/ul>\n<p><strong>All diese Dienstleistungen sind im Preis enthalten<\/strong>. <strong>Sie m\u00fcssen nichts extra bezahlen!<\/strong> Die Zimmer stehen ab 13.00 Uhr am Anreisetag bis 9.30 Uhr am Abreisetag zu Ihrer Verf\u00fcgung.<\/p>","protected":false},"excerpt":{"rendered":"<p> [&hellip;]<\/p>\n","protected":false},"author":1,"featured_media":0,"parent":0,"menu_order":0,"comment_status":"closed","ping_status":"closed","template":"page-templates\/full-width.php","meta":[],"_links":{"self":[{"href":"https:\/\/www.hotelraffaellocaorle.com\/de\/wp-json\/wp\/v2\/pages\/38"}],"collection":[{"href":"https:\/\/www.hotelraffaellocaorle.com\/de\/wp-json\/wp\/v2\/pages"}],"about":[{"href":"https:\/\/www.hotelraffaellocaorle.com\/de\/wp-json\/wp\/v2\/types\/page"}],"author":[{"embeddable":true,"href":"https:\/\/www.hotelraffaellocaorle.com\/de\/wp-json\/wp\/v2\/users\/1"}],"replies":[{"embeddable":true,"href":"https:\/\/www.hotelraffaellocaorle.com\/de\/wp-json\/wp\/v2\/comments?post=38"}],"version-history":[{"count":8,"href":"https:\/\/www.hotelraffaellocaorle.com\/de\/wp-json\/wp\/v2\/pages\/38\/revisions"}],"predecessor-version":[{"id":1765,"href":"https:\/\/www.hotelraffaellocaorle.com\/de\/wp-json\/wp\/v2\/pages\/38\/revisions\/1765"}],"wp:attachment":[{"href":"https:\/\/www.hotelraffaellocaorle.com\/de\/wp-json\/wp\/v2\/media?parent=38"}],"curies":[{"name":"wp","href":"https:\/\/api.w.org\/{rel}","templated":true}]}}