{"id":6,"date":"2016-02-23T23:02:48","date_gmt":"2016-02-23T22:02:48","guid":{"rendered":"http:\/\/www.hotelraffaellocaorle.com\/homepage\/"},"modified":"2023-01-12T22:22:24","modified_gmt":"2023-01-12T21:22:24","slug":"homepage","status":"publish","type":"page","link":"https:\/\/www.hotelraffaellocaorle.com\/de\/","title":{"rendered":"HOME"},"content":{"rendered":"<div id=\"pl-6\"><div class=\"panel-grid\" id=\"pg-6-0\" ><div class=\"panel-grid-cell\" id=\"pgc-6-0-0\" ><div class=\"so-panel widget widget_black-studio-tinymce widget_black_studio_tinymce panel-first-child panel-last-child\" id=\"panel-6-0-0-0\" data-index=\"0\"><h3 class=\"widget-title\">Berechnung Urlaub<\/h3><div class=\"textwidget\"><style>\n.ui-datepicker-calendar {\nbackground-color:#ffffff;\n}\n<\/style>\n<form action=\"\/de\/booking-online\/\" name=\"booking\"><input name=\"lingua\" type=\"hidden\" value=\"de\" \/><\/p>\n<table id=\"booking\" style=\"padding: 10px; background-color: #eeeeee;\">\n<tbody>\n<tr>\n<td width=\"300\">Anreise: <input id=\"from\" class=\"input\" style=\"background-color: #ffffff;\" name=\"from\" size=\"12\" type=\"text\" value=\"04-03-2016\" \/><\/td>\n<td width=\"300\">Abreise: <input id=\"to\" class=\"input\" style=\"background-color: #ffffff;\" name=\"to\" size=\"12\" type=\"text\" value=\"05-03-2016\" \/><\/td>\n<td><input class=\"submit\" type=\"submit\" value=\"Suche Zimmer\" \/><\/td>\n<\/tr>\n<\/tbody>\n<\/table>\n<\/form>\n<link rel=\"stylesheet\" href=\"\/\/ajax.googleapis.com\/ajax\/libs\/jqueryui\/1.8.17\/themes\/base\/jquery-ui.css\" type=\"text\/css\" media=\"all\" \/>\n<script src=\"https:\/\/www.cbooking.it\/js\/date.format.js\" type=\"text\/javascript\"><\/script><br \/>\n<script src=\"\/\/ajax.googleapis.com\/ajax\/libs\/jquery\/1.7\/jquery.min.js\" type=\"text\/javascript\"><\/script><br \/>\n<script src=\"\/\/ajax.googleapis.com\/ajax\/libs\/jqueryui\/1.8.17\/jquery-ui.min.js\" type=\"text\/javascript\"><\/script><br \/>\n<script>\/\/ <![CDATA[\nfunction addDays(myDate,days) { \n  return new Date(myDate.getTime() + days*24*60*60*1000); \n} \n\nvar maxDate=''; \n\n$(function(){\n            var maxDate=new Date();\n            $(\"#from\").val(maxDate.format(\"dd-mm-yyyy\"));\n            $(\"#to\").val(addDays(maxDate,+1).format(\"dd-mm-yyyy\"));\n            $(\"#from\").datepicker({ dateFormat: 'dd-mm-yy', onClose: function(dateText, inst) { \n                  date = $(\"#from\").datepicker('getDate'); \n                  if (date) { \n                      var maxDate = new Date(date.getTime()); \n                      maxDate=addDays(maxDate,1); \n                      maxDate=maxDate.format(\"dd-mm-yyyy\"); \n                      $(\"#to\").val(maxDate);\n                  }\n              }    \n            }); \n            $(\"#to\").datepicker({ dateFormat: 'dd-mm-yy' }); \n});\n\/\/ ]]><\/script><\/p>\n<\/div><\/div><\/div><\/div><div class=\"panel-grid\" id=\"pg-6-1\" ><div style=\"padding:0px !important;\" class=\"panel-row-style\" ><div class=\"panel-grid-cell\" id=\"pgc-6-1-0\" ><div class=\"so-panel widget widget_sow-features panel-first-child panel-last-child\" id=\"panel-6-1-0-0\" data-index=\"1\"><div class=\"so-widget-sow-features so-widget-sow-features-default-d45d6965fd91\">\n<div class=\"sow-features-list sow-features-responsive\">\n\n\t\t\t\n\t\t\t<div class=\"sow-features-feature sow-icon-container-position-top sow-features-feature-last-row\" style=\"width: 25%\">\n\n\t\t\t\t\t\t\t\t<div\n\t\t\t\t\tclass=\"sow-icon-container sow-container-round\"\n                    style=\"color: #9fe3de; \"\n\t\t\t\t\t>\n\t\t\t\t\t<span class=\"sow-icon-fontawesome sow-fas\" data-sow-icon=\"&#xf1cd;\"\n\t\tstyle=\"font-size: 44px; color: #ffffff\" ><\/span>\t\t\t\t<\/div>\n\t\t\t\t\n\t\t\t\t<div class=\"textwidget\">\n\t\t\t\t\t\t\t\t\t\t\t<h5>\n\t\t\t\t\t\t\t\t\t\t\t\t\t\tStrand inbegriffen\t\t\t\t\t\t\t\t\t\t\t\t\t<\/h5>\n\t\t\t\t\t\n\t\t\t\t\t\t\t\t\t\t\tStrandplatz im Preis inbegriffen. Sonnenschirm und Liegen, Babysitting, Animation und vieles mehr.\t\t\t\t\t\n\t\t\t\t\t\t\t\t\t<\/div>\n\t\t\t<\/div>\n\n\t\t\n\t\t\t<div class=\"sow-features-feature sow-icon-container-position-top sow-features-feature-last-row\" style=\"width: 25%\">\n\n\t\t\t\t\t\t\t\t<div\n\t\t\t\t\tclass=\"sow-icon-container sow-container-round\"\n                    style=\"color: #9fe3de; \"\n\t\t\t\t\t>\n\t\t\t\t\t<span class=\"sow-icon-fontawesome sow-fas\" data-sow-icon=\"&#xf1b9;\"\n\t\tstyle=\"font-size: 44px; color: #ffffff\" ><\/span>\t\t\t\t<\/div>\n\t\t\t\t\n\t\t\t\t<div class=\"textwidget\">\n\t\t\t\t\t\t\t\t\t\t\t<h5>\n\t\t\t\t\t\t\t\t\t\t\t\t\t\tParkplatz\t\t\t\t\t\t\t\t\t\t\t\t\t<\/h5>\n\t\t\t\t\t\n\t\t\t\t\t\t\t\t\t\t\tParkplatz f\u00fcr alle Hotelzimmer. Der Parkplatz ist im Preis inbegriffen!\t\t\t\t\t\n\t\t\t\t\t\t\t\t\t<\/div>\n\t\t\t<\/div>\n\n\t\t\n\t\t\t<div class=\"sow-features-feature sow-icon-container-position-top sow-features-feature-last-row\" style=\"width: 25%\">\n\n\t\t\t\t\t\t\t\t<div\n\t\t\t\t\tclass=\"sow-icon-container sow-container-round\"\n                    style=\"color: #9fe3de; \"\n\t\t\t\t\t>\n\t\t\t\t\t<span class=\"sow-icon-fontawesome sow-fas\" data-sow-icon=\"&#xf236;\"\n\t\tstyle=\"font-size: 44px; color: #ffffff\" ><\/span>\t\t\t\t<\/div>\n\t\t\t\t\n\t\t\t\t<div class=\"textwidget\">\n\t\t\t\t\t\t\t\t\t\t\t<h5>\n\t\t\t\t\t\t\t\t\t\t\t\t\t\tB &amp; B\t\t\t\t\t\t\t\t\t\t\t\t\t<\/h5>\n\t\t\t\t\t\n\t\t\t\t\t\t\t\t\t\t\tWir bieten Zimmerservice und Fr\u00fchst\u00fccksbuffet . Erleben Sie die Freiheit eines Strandurlaub in Caorle.\t\t\t\t\t\n\t\t\t\t\t\t\t\t\t<\/div>\n\t\t\t<\/div>\n\n\t\t\n\t\t\t<div class=\"sow-features-feature sow-icon-container-position-top sow-features-feature-last-row\" style=\"width: 25%\">\n\n\t\t\t\t\t\t\t\t<div\n\t\t\t\t\tclass=\"sow-icon-container sow-container-round\"\n                    style=\"color: #9fe3de; \"\n\t\t\t\t\t>\n\t\t\t\t\t<span class=\"sow-icon-fontawesome sow-fas\" data-sow-icon=\"&#xf1eb;\"\n\t\tstyle=\"font-size: 44px; color: #FFFFFF\" ><\/span>\t\t\t\t<\/div>\n\t\t\t\t\n\t\t\t\t<div class=\"textwidget\">\n\t\t\t\t\t\t\t\t\t\t\t<h5>\n\t\t\t\t\t\t\t\t\t\t\t\t\t\tWIFI GRATIS\t\t\t\t\t\t\t\t\t\t\t\t\t<\/h5>\n\t\t\t\t\t\n\t\t\t\t\t\t\t\t\t\t\tWIFI Internet\t\t\t\t\t\n\t\t\t\t\t\t\t\t\t<\/div>\n\t\t\t<\/div>\n\n\t\t\t\n<\/div>\n<\/div><\/div><\/div><\/div><\/div><div class=\"panel-grid\" id=\"pg-6-2\" ><div class=\"siteorigin-panels-stretch panel-row-style\" style=\"padding: 30px;background-color:#f6f6f7;border: 1px solid #eaeaeb;\" data-stretch-type=\"full\" ><div class=\"panel-grid-cell\" id=\"pgc-6-2-0\" ><div class=\"so-panel widget widget_black-studio-tinymce widget_black_studio_tinymce panel-first-child panel-last-child\" id=\"panel-6-2-0-0\" data-index=\"2\"><div class=\"textwidget\"><h1 style=\"text-align: center;\">Willkommen in Caorle, Willkommen im Hotel Raffaello<\/h1>\n<hr style=\"max-width: 400px;\" \/>\n<h5 style=\"font-weight: normal; text-align: left;\">Das Hotel befindet sich 500 Meter vom historischen Stadtzentrum und 50 Meter vom Meer entfernt, es liegt am Weststrand, an der Hauptstra\u00dfe von Caorle, Viale S. Margherita.<\/p>\n<p>Das Hotel wurde im Jahr 2010 vollst\u00e4ndig renoviert, es hat jetzt ger\u00e4umigere Zimmer mit modernster Technologie und Schalld\u00e4mmung, wird aber immer noch famili\u00e4r von Raffaello und Berit gef\u00fchrt, die Sie mit gr\u00f6\u00dfter Hilfsbereitschaft und Freundlichkeit begr\u00fc\u00dfen. W\u00e4hrend Ihres Aufenthaltes k\u00f6nnen Sie sich auf unserer Sonnenterrasse entspannen oder unsere Fahrr\u00e4der benutzen, um die wundersch\u00f6ne Stadt Caorle zu besichtigen. <\/p>\n<p>Wir bieten nur \u00dcbernachtung mit Fr\u00fchst\u00fcck, und das erlaubt Ihnen, Ihren Urlaub vollkommen entspannt zu genie\u00dfen, ohne Termine und vorgegebene Zeiten zum Schlafen, Essen und Spa\u00df haben, wie es im Alltag geschieht. Au\u00dferdem k\u00f6nnen Sie so zwischen den zahlreichen typischen regionalen und nationalen Spezialit\u00e4ten in den verschiedensten Restaurants und Lokalen von Caorle w\u00e4hlen.<\/h5>\n<\/div><\/div><\/div><\/div><\/div><div class=\"panel-grid\" id=\"pg-6-3\" ><div class=\"panel-grid-cell\" id=\"pgc-6-3-0\" ><div class=\"so-panel widget widget_siteorigin-panels-builder panel-first-child panel-last-child\" id=\"panel-6-3-0-0\" data-index=\"3\"><div id=\"pl-w5fff005da40ac\"><div class=\"panel-grid\" id=\"pg-w5fff005da40ac-0\" ><div style=\"padding: 10px;\" class=\"panel-row-style\" ><div class=\"panel-grid-cell\" id=\"pgc-w5fff005da40ac-0-0\" ><div class=\"so-panel widget widget_sow-image panel-first-child panel-last-child\" id=\"panel-w5fff005da40ac-0-0-0\" data-index=\"0\"><div class=\"so-widget-sow-image so-widget-sow-image-default-17bc2272b535\">\n\n<div class=\"sow-image-container\">\n\t<img src=\"https:\/\/www.hotelraffaellocaorle.com\/wp-content\/uploads\/2021\/01\/trip-raffaello-2017-2.png\" width=\"200\" height=\"200\" srcset=\"https:\/\/www.hotelraffaellocaorle.com\/wp-content\/uploads\/2021\/01\/trip-raffaello-2017-2.png 200w, https:\/\/www.hotelraffaellocaorle.com\/wp-content\/uploads\/2021\/01\/trip-raffaello-2017-2-150x150.png 150w\" sizes=\"(max-width: 200px) 100vw, 200px\" alt=\"\" \t\tclass=\"so-widget-image\"\/>\n<\/div>\n\n<\/div><\/div><\/div><div class=\"panel-grid-cell\" id=\"pgc-w5fff005da40ac-0-1\" ><div class=\"so-panel widget widget_sow-image panel-first-child panel-last-child\" id=\"panel-w5fff005da40ac-0-1-0\" data-index=\"1\"><div class=\"so-widget-sow-image so-widget-sow-image-default-17bc2272b535\">\n\n<div class=\"sow-image-container\">\n\t<img src=\"https:\/\/www.hotelraffaellocaorle.com\/wp-content\/uploads\/2021\/01\/hc-raffaello-2017-2-209x300.png\" width=\"209\" height=\"300\" srcset=\"https:\/\/www.hotelraffaellocaorle.com\/wp-content\/uploads\/2021\/01\/hc-raffaello-2017-2-209x300.png 209w, https:\/\/www.hotelraffaellocaorle.com\/wp-content\/uploads\/2021\/01\/hc-raffaello-2017-2.png 400w\" sizes=\"(max-width: 209px) 100vw, 209px\" alt=\"\" \t\tclass=\"so-widget-image\"\/>\n<\/div>\n\n<\/div><\/div><\/div><\/div><\/div><\/div><\/div><\/div><\/div><\/div>","protected":false},"excerpt":{"rendered":"<p> [&hellip;]<\/p>\n","protected":false},"author":1,"featured_media":0,"parent":0,"menu_order":0,"comment_status":"closed","ping_status":"closed","template":"home-panels.php","meta":[],"_links":{"self":[{"href":"https:\/\/www.hotelraffaellocaorle.com\/de\/wp-json\/wp\/v2\/pages\/6"}],"collection":[{"href":"https:\/\/www.hotelraffaellocaorle.com\/de\/wp-json\/wp\/v2\/pages"}],"about":[{"href":"https:\/\/www.hotelraffaellocaorle.com\/de\/wp-json\/wp\/v2\/types\/page"}],"author":[{"embeddable":true,"href":"https:\/\/www.hotelraffaellocaorle.com\/de\/wp-json\/wp\/v2\/users\/1"}],"replies":[{"embeddable":true,"href":"https:\/\/www.hotelraffaellocaorle.com\/de\/wp-json\/wp\/v2\/comments?post=6"}],"version-history":[{"count":76,"href":"https:\/\/www.hotelraffaellocaorle.com\/de\/wp-json\/wp\/v2\/pages\/6\/revisions"}],"predecessor-version":[{"id":1903,"href":"https:\/\/www.hotelraffaellocaorle.com\/de\/wp-json\/wp\/v2\/pages\/6\/revisions\/1903"}],"wp:attachment":[{"href":"https:\/\/www.hotelraffaellocaorle.com\/de\/wp-json\/wp\/v2\/media?parent=6"}],"curies":[{"name":"wp","href":"https:\/\/api.w.org\/{rel}","templated":true}]}}